{"id":20,"date":"2025-05-02T09:18:20","date_gmt":"2025-05-02T09:18:20","guid":{"rendered":"https:\/\/honar.es\/?page_id=20"},"modified":"2025-05-02T11:23:37","modified_gmt":"2025-05-02T11:23:37","slug":"20-2","status":"publish","type":"page","link":"https:\/\/honar.es\/?page_id=20","title":{"rendered":""},"content":{"rendered":"\n<div class=\"wp-block-group alignfull has-accent-background-color has-background has-global-padding is-layout-constrained wp-container-core-group-is-layout-669513ed wp-block-group-is-layout-constrained\" style=\"margin-top:0;margin-bottom:0;padding-top:var(--wp--preset--spacing--50);padding-right:var(--wp--preset--spacing--50);padding-bottom:var(--wp--preset--spacing--50);padding-left:var(--wp--preset--spacing--50)\">\n<div class=\"wp-block-columns alignwide is-layout-flex wp-container-core-columns-is-layout-1da03c2a wp-block-columns-is-layout-flex\">\n<div class=\"wp-block-column is-vertically-aligned-stretch is-layout-flow wp-block-column-is-layout-flow\" style=\"flex-basis:50%\">\n<div class=\"wp-block-group is-vertical is-content-justification-stretch is-layout-flex wp-container-core-group-is-layout-444d5ee8 wp-block-group-is-layout-flex\" style=\"min-height:100%\">\n<p class=\"has-heading-font-family has-x-large-font-size\" style=\"line-height:1.2\">I\u00f1igo Latasa<\/p>\n\n\n\n<p><strong>A comienzos del a\u00f1o 2023 salgo de la empresa para desarrollar un proyecto propio y dar servicio en aquello en lo que me he ido formando, preparando y especializando a lo largo de m\u00e1s de 25 a\u00f1os.&nbsp;<\/strong><\/p>\n\n\n\n<p><strong>Pongo a su servicio mi experiencia para poder afrontar sus necesidades en elementos de trasmisi\u00f3n en grandes equipos rotativos tales como hornos, molinos, secadores, mezcladores o trituradoras. Desde las mediciones in-situ, realizaci\u00f3n de c\u00e1lculos, propuestas de materiales y mejoras t\u00e9cnicas, realizaci\u00f3n de planos, suministro de piezas con proveedores de confianza, seguimiento de fabricaci\u00f3n, auditor\u00eda t\u00e9cnica al fabricante, asistencia t\u00e9cnica en el montaje y puesta en marcha de estos equipos, servicios de seguimiento y mantenimiento o asesoramiento t\u00e9cnico.&nbsp;<\/strong><\/p>\n<\/div>\n<\/div>\n\n\n\n<div class=\"wp-block-column is-vertically-aligned-center is-layout-flow wp-block-column-is-layout-flow\" style=\"flex-basis:50%\">\n<figure class=\"wp-block-gallery has-nested-images columns-default is-cropped wp-block-gallery-1 is-layout-flex wp-block-gallery-is-layout-flex\">\n<figure class=\"wp-block-image size-large\"><img loading=\"lazy\" decoding=\"async\" width=\"580\" height=\"598\" data-id=\"23\" src=\"https:\/\/honar.es\/wp-content\/uploads\/2025\/05\/Imagen-2.jpg\" alt=\"\" class=\"wp-image-23\" srcset=\"https:\/\/honar.es\/wp-content\/uploads\/2025\/05\/Imagen-2.jpg 580w, https:\/\/honar.es\/wp-content\/uploads\/2025\/05\/Imagen-2-291x300.jpg 291w\" sizes=\"auto, (max-width: 580px) 100vw, 580px\" \/><\/figure>\n<\/figure>\n<\/div>\n<\/div>\n<\/div>\n\n\n\n<details class=\"wp-block-details is-layout-flow wp-block-details-is-layout-flow\"><summary><a href=\"mailto:ilatasa@honar.es\"><strong>ilatasa@honar.es<\/strong><\/a><strong>\u00a0\u00a0\u00a0\u00a0\u00a0\u00a0\u00a0\u00a0\u00a0\u00a0(+34) 660 03 00 29\u00a0\u00a0\u00a0\u00a0\u00a0\u00a0\u00a0\u00a0\u00a0\u00a0www.honar.es<\/strong><\/summary><\/details>\n","protected":false},"excerpt":{"rendered":"<p>I\u00f1igo Latasa A comienzos del a\u00f1o 2023 salgo de la empresa para desarrollar un proyecto propio y dar servicio en aquello en lo que me he ido formando, preparando y especializando a lo largo de m\u00e1s de 25 a\u00f1os.&nbsp; Pongo a su servicio mi experiencia para poder afrontar sus necesidades en elementos de trasmisi\u00f3n en [&hellip;]<\/p>\n","protected":false},"author":1,"featured_media":0,"parent":0,"menu_order":0,"comment_status":"closed","ping_status":"closed","template":"","meta":{"footnotes":"[]"},"class_list":["post-20","page","type-page","status-publish","hentry"],"_links":{"self":[{"href":"https:\/\/honar.es\/index.php?rest_route=\/wp\/v2\/pages\/20","targetHints":{"allow":["GET"]}}],"collection":[{"href":"https:\/\/honar.es\/index.php?rest_route=\/wp\/v2\/pages"}],"about":[{"href":"https:\/\/honar.es\/index.php?rest_route=\/wp\/v2\/types\/page"}],"author":[{"embeddable":true,"href":"https:\/\/honar.es\/index.php?rest_route=\/wp\/v2\/users\/1"}],"replies":[{"embeddable":true,"href":"https:\/\/honar.es\/index.php?rest_route=%2Fwp%2Fv2%2Fcomments&post=20"}],"version-history":[{"count":9,"href":"https:\/\/honar.es\/index.php?rest_route=\/wp\/v2\/pages\/20\/revisions"}],"predecessor-version":[{"id":57,"href":"https:\/\/honar.es\/index.php?rest_route=\/wp\/v2\/pages\/20\/revisions\/57"}],"wp:attachment":[{"href":"https:\/\/honar.es\/index.php?rest_route=%2Fwp%2Fv2%2Fmedia&parent=20"}],"curies":[{"name":"wp","href":"https:\/\/api.w.org\/{rel}","templated":true}]}}